{"id":18,"date":"2021-04-05T10:22:38","date_gmt":"2021-04-05T10:22:38","guid":{"rendered":"https:\/\/codesign.wprdx.com\/demo\/?page_id=18"},"modified":"2021-04-05T10:22:38","modified_gmt":"2021-04-05T10:22:38","slug":"team","status":"publish","type":"page","link":"https:\/\/kristee.hu\/index.php\/team\/","title":{"rendered":"Team"},"content":{"rendered":"\t\t<div data-elementor-type=\"wp-page\" data-elementor-id=\"18\" class=\"elementor elementor-18\">\n\t\t\t\t\t\t<section class=\"elementor-section elementor-top-section elementor-element elementor-element-7659f0e elementor-section-full_width elementor-section-height-default elementor-section-height-default\" data-id=\"7659f0e\" data-element_type=\"section\">\n\t\t\t\t\t\t<div class=\"elementor-container elementor-column-gap-custom\">\n\t\t\t\t\t<div class=\"elementor-column elementor-col-100 elementor-top-column elementor-element elementor-element-6109316\" data-id=\"6109316\" data-element_type=\"column\">\n\t\t\t<div class=\"elementor-widget-wrap elementor-element-populated\">\n\t\t\t\t\t\t<div class=\"elementor-element elementor-element-4c6d677 elementor-widget elementor-widget-dz-team-listing-1\" data-id=\"4c6d677\" data-element_type=\"widget\" data-widget_type=\"dz-team-listing-1.default\">\n\t\t\t\t<div class=\"elementor-widget-container\">\n\t\t\t<!-- Team -->\r\n<section class=\"content-inner section-title style-2 line-img\" data-name=\"OUR TEAM\">\r\n\t<div class=\"container\">\r\n\t\t\t\r\n      <!-- Left part start -->\r\n        <div  class=\"row\">\r\n        \r\n<!-- Team -->\r\n\r\n<div id=\"post-80\" class=\" col-lg-3 col-sm-6 post-80 dz_team type-dz_team status-publish has-post-thumbnail hentry team_category-team-a\">\r\n\t<div class=\"dz-team style-1 text-center m-b30 overlay-shine aos-item\" data-aos=\"fade-up\" data-aos-duration=\"1500\" data-aos-delay=\"400\">\r\n\t\t \r\n\t\t\t<div class=\"dz-media shadow\">\r\n\t\t\t\t<img fetchpriority=\"high\" decoding=\"async\" width=\"500\" height=\"700\" src=\"https:\/\/kristee.hu\/wp-content\/uploads\/2021\/04\/pic1-2.jpg\" class=\"attachment-post-thumbnail size-post-thumbnail wp-post-image\" alt=\"\" \/>\t\t\t\t\r\n\t\t\t\t\t\t\t\t\t\t\t<ul class=\"team-social\">\r\n\t\t\t\t\t\t\t\t\t\t\t\t\t\t\t\t\t\t\t<li>\r\n\t\t\t\t\t\t\t\t\t\t\t\t <a class=\"fab fa-facebook-f\" href=\"https:\/\/www.facebook.com\"><\/a>\r\n\t\t\t\t\t\t\t\t\t\t\t<\/li>\t\t\t\t\t\t\t\t\r\n\t\t\t\t\t\t\t\t\t\t\t\t\t\t\t\t\t\t<li>\r\n\t\t\t\t\t\t\t\t\t\t\t\t <a class=\"fab fa-twitter\" href=\"https:\/\/www.twitter.com\"><\/a>\r\n\t\t\t\t\t\t\t\t\t\t\t<\/li>\t\t\t\t\t\t\t\t\r\n\t\t\t\t\t\t\t\t\t\t\t\t\t\t\t\t\t\t<li>\r\n\t\t\t\t\t\t\t\t\t\t\t\t <a class=\"fab fa-instagram\" href=\"https:\/\/www.instagram.com\"><\/a>\r\n\t\t\t\t\t\t\t\t\t\t\t<\/li>\t\t\t\t\t\t\t\t\r\n\t\t\t\t\t\t\t\t\t\t\t\t\t\t\t\t\t\t<li>\r\n\t\t\t\t\t\t\t\t\t\t\t\t <a class=\"fab fa-youtube\" href=\"https:\/\/www.youtube.com\"><\/a>\r\n\t\t\t\t\t\t\t\t\t\t\t<\/li>\t\t\t\t\t\t\t\t\r\n\t\t\t\t\t\t\t\t\t\t\t\t\t\t<\/ul>\r\n\t\t\t\t \r\n\t\t\t<\/div>\r\n\t\t\t\r\n\t\t\r\n\t\t<div class=\"dz-content\">\r\n\t\t\t<h5 class=\"dz-name\">\r\n\t\t\t\tAndrey Carol\t\t\t<\/h5>\r\n\t\t\t<h6 class=\"dz-position text-primary\">\r\n\t\t\t\tDesigner\t\t\t<\/h6>\r\n\t\t<\/div>\r\n\t<\/div>\r\n<\/div>\r\n\t\t\r\n\t\r\n<!-- Team -->\r\n\r\n<div id=\"post-81\" class=\" col-lg-3 col-sm-6 post-81 dz_team type-dz_team status-publish has-post-thumbnail hentry team_category-team-a\">\r\n\t<div class=\"dz-team style-1 text-center m-b30 overlay-shine aos-item\" data-aos=\"fade-up\" data-aos-duration=\"1500\" data-aos-delay=\"600\">\r\n\t\t \r\n\t\t\t<div class=\"dz-media shadow\">\r\n\t\t\t\t<img decoding=\"async\" width=\"500\" height=\"700\" src=\"https:\/\/kristee.hu\/wp-content\/uploads\/2021\/04\/pic2-1.jpg\" class=\"attachment-post-thumbnail size-post-thumbnail wp-post-image\" alt=\"\" \/>\t\t\t\t\r\n\t\t\t\t\t\t\t\t\t\t\t<ul class=\"team-social\">\r\n\t\t\t\t\t\t\t\t\t\t\t\t\t\t\t\t\t\t\t<li>\r\n\t\t\t\t\t\t\t\t\t\t\t\t <a class=\"fab fa-facebook-f\" href=\"https:\/\/www.facebook.com\"><\/a>\r\n\t\t\t\t\t\t\t\t\t\t\t<\/li>\t\t\t\t\t\t\t\t\r\n\t\t\t\t\t\t\t\t\t\t\t\t\t\t\t\t\t\t<li>\r\n\t\t\t\t\t\t\t\t\t\t\t\t <a class=\"fab fa-twitter\" href=\"https:\/\/www.twitter.com\"><\/a>\r\n\t\t\t\t\t\t\t\t\t\t\t<\/li>\t\t\t\t\t\t\t\t\r\n\t\t\t\t\t\t\t\t\t\t\t\t\t\t\t\t\t\t<li>\r\n\t\t\t\t\t\t\t\t\t\t\t\t <a class=\"fab fa-instagram\" href=\"https:\/\/www.instagram.com\"><\/a>\r\n\t\t\t\t\t\t\t\t\t\t\t<\/li>\t\t\t\t\t\t\t\t\r\n\t\t\t\t\t\t\t\t\t\t\t\t\t\t\t\t\t\t<li>\r\n\t\t\t\t\t\t\t\t\t\t\t\t <a class=\"fab fa-youtube\" href=\"https:\/\/www.youtube.com\"><\/a>\r\n\t\t\t\t\t\t\t\t\t\t\t<\/li>\t\t\t\t\t\t\t\t\r\n\t\t\t\t\t\t\t\t\t\t\t\t\t\t<\/ul>\r\n\t\t\t\t \r\n\t\t\t<\/div>\r\n\t\t\t\r\n\t\t\r\n\t\t<div class=\"dz-content\">\r\n\t\t\t<h5 class=\"dz-name\">\r\n\t\t\t\tRebecca Ruth\t\t\t<\/h5>\r\n\t\t\t<h6 class=\"dz-position text-primary\">\r\n\t\t\t\tDeveloper\t\t\t<\/h6>\r\n\t\t<\/div>\r\n\t<\/div>\r\n<\/div>\r\n\t\t\r\n\t\r\n<!-- Team -->\r\n\r\n<div id=\"post-82\" class=\" col-lg-3 col-sm-6 post-82 dz_team type-dz_team status-publish has-post-thumbnail hentry team_category-team-a\">\r\n\t<div class=\"dz-team style-1 text-center m-b30 overlay-shine aos-item\" data-aos=\"fade-up\" data-aos-duration=\"1500\" data-aos-delay=\"800\">\r\n\t\t \r\n\t\t\t<div class=\"dz-media shadow\">\r\n\t\t\t\t<img decoding=\"async\" width=\"500\" height=\"700\" src=\"https:\/\/kristee.hu\/wp-content\/uploads\/2021\/04\/pic3-1.jpg\" class=\"attachment-post-thumbnail size-post-thumbnail wp-post-image\" alt=\"\" \/>\t\t\t\t\r\n\t\t\t\t\t\t\t\t\t\t\t<ul class=\"team-social\">\r\n\t\t\t\t\t\t\t\t\t\t\t\t\t\t\t\t\t\t\t<li>\r\n\t\t\t\t\t\t\t\t\t\t\t\t <a class=\"fab fa-facebook-f\" href=\"https:\/\/www.facebook.com\"><\/a>\r\n\t\t\t\t\t\t\t\t\t\t\t<\/li>\t\t\t\t\t\t\t\t\r\n\t\t\t\t\t\t\t\t\t\t\t\t\t\t\t\t\t\t<li>\r\n\t\t\t\t\t\t\t\t\t\t\t\t <a class=\"fab fa-twitter\" href=\"https:\/\/www.twitter.com\"><\/a>\r\n\t\t\t\t\t\t\t\t\t\t\t<\/li>\t\t\t\t\t\t\t\t\r\n\t\t\t\t\t\t\t\t\t\t\t\t\t\t\t\t\t\t<li>\r\n\t\t\t\t\t\t\t\t\t\t\t\t <a class=\"fab fa-instagram\" href=\"https:\/\/www.instagram.com\"><\/a>\r\n\t\t\t\t\t\t\t\t\t\t\t<\/li>\t\t\t\t\t\t\t\t\r\n\t\t\t\t\t\t\t\t\t\t\t\t\t\t\t\t\t\t<li>\r\n\t\t\t\t\t\t\t\t\t\t\t\t <a class=\"fab fa-youtube\" href=\"https:\/\/www.youtube.com\"><\/a>\r\n\t\t\t\t\t\t\t\t\t\t\t<\/li>\t\t\t\t\t\t\t\t\r\n\t\t\t\t\t\t\t\t\t\t\t\t\t\t<\/ul>\r\n\t\t\t\t \r\n\t\t\t<\/div>\r\n\t\t\t\r\n\t\t\r\n\t\t<div class=\"dz-content\">\r\n\t\t\t<h5 class=\"dz-name\">\r\n\t\t\t\tAustin Doe\t\t\t<\/h5>\r\n\t\t\t<h6 class=\"dz-position text-primary\">\r\n\t\t\t\tCEO\t\t\t<\/h6>\r\n\t\t<\/div>\r\n\t<\/div>\r\n<\/div>\r\n\t\t\r\n\t\r\n<!-- Team -->\r\n\r\n<div id=\"post-83\" class=\" col-lg-3 col-sm-6 post-83 dz_team type-dz_team status-publish has-post-thumbnail hentry team_category-team-a\">\r\n\t<div class=\"dz-team style-1 text-center m-b30 overlay-shine aos-item\" data-aos=\"fade-up\" data-aos-duration=\"1500\" data-aos-delay=\"1000\">\r\n\t\t \r\n\t\t\t<div class=\"dz-media shadow\">\r\n\t\t\t\t<img loading=\"lazy\" decoding=\"async\" width=\"500\" height=\"700\" src=\"https:\/\/kristee.hu\/wp-content\/uploads\/2021\/04\/pic4.jpg\" class=\"attachment-post-thumbnail size-post-thumbnail wp-post-image\" alt=\"\" \/>\t\t\t\t\r\n\t\t\t\t\t\t\t\t\t\t\t<ul class=\"team-social\">\r\n\t\t\t\t\t\t\t\t\t\t\t\t\t\t\t\t\t\t\t<li>\r\n\t\t\t\t\t\t\t\t\t\t\t\t <a class=\"fab fa-facebook-f\" href=\"https:\/\/www.facebook.com\"><\/a>\r\n\t\t\t\t\t\t\t\t\t\t\t<\/li>\t\t\t\t\t\t\t\t\r\n\t\t\t\t\t\t\t\t\t\t\t\t\t\t\t\t\t\t<li>\r\n\t\t\t\t\t\t\t\t\t\t\t\t <a class=\"fab fa-twitter\" href=\"https:\/\/www.twitter.com\"><\/a>\r\n\t\t\t\t\t\t\t\t\t\t\t<\/li>\t\t\t\t\t\t\t\t\r\n\t\t\t\t\t\t\t\t\t\t\t\t\t\t\t\t\t\t<li>\r\n\t\t\t\t\t\t\t\t\t\t\t\t <a class=\"fab fa-instagram\" href=\"https:\/\/www.instagram.com\"><\/a>\r\n\t\t\t\t\t\t\t\t\t\t\t<\/li>\t\t\t\t\t\t\t\t\r\n\t\t\t\t\t\t\t\t\t\t\t\t\t\t\t\t\t\t<li>\r\n\t\t\t\t\t\t\t\t\t\t\t\t <a class=\"fab fa-youtube\" href=\"https:\/\/www.youtube.com\"><\/a>\r\n\t\t\t\t\t\t\t\t\t\t\t<\/li>\t\t\t\t\t\t\t\t\r\n\t\t\t\t\t\t\t\t\t\t\t\t\t\t<\/ul>\r\n\t\t\t\t \r\n\t\t\t<\/div>\r\n\t\t\t\r\n\t\t\r\n\t\t<div class=\"dz-content\">\r\n\t\t\t<h5 class=\"dz-name\">\r\n\t\t\t\tLala Rose\t\t\t<\/h5>\r\n\t\t\t<h6 class=\"dz-position text-primary\">\r\n\t\t\t\tManager\t\t\t<\/h6>\r\n\t\t<\/div>\r\n\t<\/div>\r\n<\/div>\r\n\t\t\r\n\t\r\n<!-- Team -->\r\n\r\n<div id=\"post-192\" class=\" col-lg-3 col-sm-6 post-192 dz_team type-dz_team status-publish has-post-thumbnail hentry team_category-team-a\">\r\n\t<div class=\"dz-team style-1 text-center m-b30 overlay-shine aos-item\" data-aos=\"fade-up\" data-aos-duration=\"1500\" data-aos-delay=\"1200\">\r\n\t\t \r\n\t\t\t<div class=\"dz-media shadow\">\r\n\t\t\t\t<img loading=\"lazy\" decoding=\"async\" width=\"500\" height=\"700\" src=\"https:\/\/kristee.hu\/wp-content\/uploads\/2021\/04\/pic5.jpg\" class=\"attachment-post-thumbnail size-post-thumbnail wp-post-image\" alt=\"\" \/>\t\t\t\t\r\n\t\t\t\t\t\t\t\t\t\t\t<ul class=\"team-social\">\r\n\t\t\t\t\t\t\t\t\t\t\t\t\t\t\t\t\t\t\t<li>\r\n\t\t\t\t\t\t\t\t\t\t\t\t <a class=\"fab fa-facebook-f\" href=\"https:\/\/www.facebook.com\"><\/a>\r\n\t\t\t\t\t\t\t\t\t\t\t<\/li>\t\t\t\t\t\t\t\t\r\n\t\t\t\t\t\t\t\t\t\t\t\t\t\t\t\t\t\t<li>\r\n\t\t\t\t\t\t\t\t\t\t\t\t <a class=\"fab fa-twitter\" href=\"https:\/\/www.twitter.com\"><\/a>\r\n\t\t\t\t\t\t\t\t\t\t\t<\/li>\t\t\t\t\t\t\t\t\r\n\t\t\t\t\t\t\t\t\t\t\t\t\t\t\t\t\t\t<li>\r\n\t\t\t\t\t\t\t\t\t\t\t\t <a class=\"fab fa-instagram\" href=\"https:\/\/www.instagram.com\"><\/a>\r\n\t\t\t\t\t\t\t\t\t\t\t<\/li>\t\t\t\t\t\t\t\t\r\n\t\t\t\t\t\t\t\t\t\t\t\t\t\t\t\t\t\t<li>\r\n\t\t\t\t\t\t\t\t\t\t\t\t <a class=\"fab fa-youtube\" href=\"https:\/\/www.youtube.com\"><\/a>\r\n\t\t\t\t\t\t\t\t\t\t\t<\/li>\t\t\t\t\t\t\t\t\r\n\t\t\t\t\t\t\t\t\t\t\t\t\t\t<\/ul>\r\n\t\t\t\t \r\n\t\t\t<\/div>\r\n\t\t\t\r\n\t\t\r\n\t\t<div class=\"dz-content\">\r\n\t\t\t<h5 class=\"dz-name\">\r\n\t\t\t\tAndrey\t\t\t<\/h5>\r\n\t\t\t<h6 class=\"dz-position text-primary\">\r\n\t\t\t\tInstructor\t\t\t<\/h6>\r\n\t\t<\/div>\r\n\t<\/div>\r\n<\/div>\r\n\t\t\r\n\t\r\n<!-- Team -->\r\n\r\n<div id=\"post-193\" class=\" col-lg-3 col-sm-6 post-193 dz_team type-dz_team status-publish has-post-thumbnail hentry team_category-team-a\">\r\n\t<div class=\"dz-team style-1 text-center m-b30 overlay-shine aos-item\" data-aos=\"fade-up\" data-aos-duration=\"1500\" data-aos-delay=\"1400\">\r\n\t\t \r\n\t\t\t<div class=\"dz-media shadow\">\r\n\t\t\t\t<img loading=\"lazy\" decoding=\"async\" width=\"500\" height=\"700\" src=\"https:\/\/kristee.hu\/wp-content\/uploads\/2021\/04\/pic6.jpg\" class=\"attachment-post-thumbnail size-post-thumbnail wp-post-image\" alt=\"\" \/>\t\t\t\t\r\n\t\t\t\t\t\t\t\t\t\t\t<ul class=\"team-social\">\r\n\t\t\t\t\t\t\t\t\t\t\t\t\t\t\t\t\t\t\t<li>\r\n\t\t\t\t\t\t\t\t\t\t\t\t <a class=\"fab fa-facebook-f\" href=\"https:\/\/www.facebook.com\"><\/a>\r\n\t\t\t\t\t\t\t\t\t\t\t<\/li>\t\t\t\t\t\t\t\t\r\n\t\t\t\t\t\t\t\t\t\t\t\t\t\t\t\t\t\t<li>\r\n\t\t\t\t\t\t\t\t\t\t\t\t <a class=\"fab fa-twitter\" href=\"https:\/\/www.twitter.com\"><\/a>\r\n\t\t\t\t\t\t\t\t\t\t\t<\/li>\t\t\t\t\t\t\t\t\r\n\t\t\t\t\t\t\t\t\t\t\t\t\t\t\t\t\t\t<li>\r\n\t\t\t\t\t\t\t\t\t\t\t\t <a class=\"fab fa-instagram\" href=\"https:\/\/www.instagram.com\"><\/a>\r\n\t\t\t\t\t\t\t\t\t\t\t<\/li>\t\t\t\t\t\t\t\t\r\n\t\t\t\t\t\t\t\t\t\t\t\t\t\t\t\t\t\t<li>\r\n\t\t\t\t\t\t\t\t\t\t\t\t <a class=\"fab fa-youtube\" href=\"https:\/\/www.youtube.com\"><\/a>\r\n\t\t\t\t\t\t\t\t\t\t\t<\/li>\t\t\t\t\t\t\t\t\r\n\t\t\t\t\t\t\t\t\t\t\t\t\t\t<\/ul>\r\n\t\t\t\t \r\n\t\t\t<\/div>\r\n\t\t\t\r\n\t\t\r\n\t\t<div class=\"dz-content\">\r\n\t\t\t<h5 class=\"dz-name\">\r\n\t\t\t\tRebecca\t\t\t<\/h5>\r\n\t\t\t<h6 class=\"dz-position text-primary\">\r\n\t\t\t\tDesigner\t\t\t<\/h6>\r\n\t\t<\/div>\r\n\t<\/div>\r\n<\/div>\r\n\t\t\r\n\t\r\n<!-- Team -->\r\n\r\n<div id=\"post-194\" class=\" col-lg-3 col-sm-6 post-194 dz_team type-dz_team status-publish has-post-thumbnail hentry team_category-team-a\">\r\n\t<div class=\"dz-team style-1 text-center m-b30 overlay-shine aos-item\" data-aos=\"fade-up\" data-aos-duration=\"1500\" data-aos-delay=\"1600\">\r\n\t\t \r\n\t\t\t<div class=\"dz-media shadow\">\r\n\t\t\t\t<img loading=\"lazy\" decoding=\"async\" width=\"500\" height=\"700\" src=\"https:\/\/kristee.hu\/wp-content\/uploads\/2021\/04\/pic7.jpg\" class=\"attachment-post-thumbnail size-post-thumbnail wp-post-image\" alt=\"\" \/>\t\t\t\t\r\n\t\t\t\t\t\t\t\t\t\t\t<ul class=\"team-social\">\r\n\t\t\t\t\t\t\t\t\t\t\t\t\t\t\t\t\t\t\t<li>\r\n\t\t\t\t\t\t\t\t\t\t\t\t <a class=\"fab fa-facebook-f\" href=\"https:\/\/www.facebook.com\"><\/a>\r\n\t\t\t\t\t\t\t\t\t\t\t<\/li>\t\t\t\t\t\t\t\t\r\n\t\t\t\t\t\t\t\t\t\t\t\t\t\t\t\t\t\t<li>\r\n\t\t\t\t\t\t\t\t\t\t\t\t <a class=\"fab fa-twitter\" href=\"https:\/\/www.twitter.com\"><\/a>\r\n\t\t\t\t\t\t\t\t\t\t\t<\/li>\t\t\t\t\t\t\t\t\r\n\t\t\t\t\t\t\t\t\t\t\t\t\t\t\t\t\t\t<li>\r\n\t\t\t\t\t\t\t\t\t\t\t\t <a class=\"fab fa-instagram\" href=\"https:\/\/www.instagram.com\"><\/a>\r\n\t\t\t\t\t\t\t\t\t\t\t<\/li>\t\t\t\t\t\t\t\t\r\n\t\t\t\t\t\t\t\t\t\t\t\t\t\t\t\t\t\t<li>\r\n\t\t\t\t\t\t\t\t\t\t\t\t <a class=\"fab fa-youtube\" href=\"https:\/\/www.youtube.com\"><\/a>\r\n\t\t\t\t\t\t\t\t\t\t\t<\/li>\t\t\t\t\t\t\t\t\r\n\t\t\t\t\t\t\t\t\t\t\t\t\t\t<\/ul>\r\n\t\t\t\t \r\n\t\t\t<\/div>\r\n\t\t\t\r\n\t\t\r\n\t\t<div class=\"dz-content\">\r\n\t\t\t<h5 class=\"dz-name\">\r\n\t\t\t\tAustin\t\t\t<\/h5>\r\n\t\t\t<h6 class=\"dz-position text-primary\">\r\n\t\t\t\tManager\t\t\t<\/h6>\r\n\t\t<\/div>\r\n\t<\/div>\r\n<\/div>\r\n\t\t\r\n\t\r\n<!-- Team -->\r\n\r\n<div id=\"post-195\" class=\" col-lg-3 col-sm-6 post-195 dz_team type-dz_team status-publish has-post-thumbnail hentry team_category-team-a\">\r\n\t<div class=\"dz-team style-1 text-center m-b30 overlay-shine aos-item\" data-aos=\"fade-up\" data-aos-duration=\"1500\" data-aos-delay=\"1800\">\r\n\t\t \r\n\t\t\t<div class=\"dz-media shadow\">\r\n\t\t\t\t<img loading=\"lazy\" decoding=\"async\" width=\"500\" height=\"700\" src=\"https:\/\/kristee.hu\/wp-content\/uploads\/2021\/04\/pic8.jpg\" class=\"attachment-post-thumbnail size-post-thumbnail wp-post-image\" alt=\"\" \/>\t\t\t\t\r\n\t\t\t\t\t\t\t\t\t\t\t<ul class=\"team-social\">\r\n\t\t\t\t\t\t\t\t\t\t\t\t\t\t\t\t\t\t\t<li>\r\n\t\t\t\t\t\t\t\t\t\t\t\t <a class=\"fab fa-facebook-f\" href=\"https:\/\/www.facebook.com\"><\/a>\r\n\t\t\t\t\t\t\t\t\t\t\t<\/li>\t\t\t\t\t\t\t\t\r\n\t\t\t\t\t\t\t\t\t\t\t\t\t\t\t\t\t\t<li>\r\n\t\t\t\t\t\t\t\t\t\t\t\t <a class=\"fab fa-twitter\" href=\"https:\/\/www.twitter.com\"><\/a>\r\n\t\t\t\t\t\t\t\t\t\t\t<\/li>\t\t\t\t\t\t\t\t\r\n\t\t\t\t\t\t\t\t\t\t\t\t\t\t\t\t\t\t<li>\r\n\t\t\t\t\t\t\t\t\t\t\t\t <a class=\"fab fa-instagram\" href=\"https:\/\/www.instagram.com\"><\/a>\r\n\t\t\t\t\t\t\t\t\t\t\t<\/li>\t\t\t\t\t\t\t\t\r\n\t\t\t\t\t\t\t\t\t\t\t\t\t\t<\/ul>\r\n\t\t\t\t \r\n\t\t\t<\/div>\r\n\t\t\t\r\n\t\t\r\n\t\t<div class=\"dz-content\">\r\n\t\t\t<h5 class=\"dz-name\">\r\n\t\t\t\tLala\t\t\t<\/h5>\r\n\t\t\t<h6 class=\"dz-position text-primary\">\r\n\t\t\t\tDirector\t\t\t<\/h6>\r\n\t\t<\/div>\r\n\t<\/div>\r\n<\/div>\r\n\t\t\r\n\t        <\/div>\r\n        <!-- Side bar END -->\r\n        <\/div>\r\n<\/section>\r\n\t\t<\/div>\n\t\t\t\t<\/div>\n\t\t\t\t\t<\/div>\n\t\t<\/div>\n\t\t\t\t\t<\/div>\n\t\t<\/section>\n\t\t\t\t<\/div>\n\t\t","protected":false},"excerpt":{"rendered":"<p>Andrey Carol Designer Rebecca Ruth Developer Austin Doe CEO Lala Rose Manager Andrey Instructor Rebecca Designer Austin Manager Lala Director<\/p>\n","protected":false},"author":1,"featured_media":0,"parent":0,"menu_order":0,"comment_status":"closed","ping_status":"closed","template":"codesign_homepage.php","meta":{"footnotes":""},"class_list":["post-18","page","type-page","status-publish","hentry"],"yoast_head":"<!-- This site is optimized with the Yoast SEO Premium plugin v22.1 (Yoast SEO v22.1) - https:\/\/yoast.com\/wordpress\/plugins\/seo\/ -->\n<title>Team - \u2022\u2022\u2022 K R I S T E E \u2022\u2022\u2022<\/title>\n<meta name=\"robots\" content=\"index, follow, max-snippet:-1, max-image-preview:large, max-video-preview:-1\" \/>\n<link rel=\"canonical\" href=\"https:\/\/kristee.hu\/index.php\/team\/\" \/>\n<meta property=\"og:locale\" content=\"hu_HU\" \/>\n<meta property=\"og:type\" content=\"article\" \/>\n<meta property=\"og:title\" content=\"Team\" \/>\n<meta property=\"og:description\" content=\"Andrey Carol Designer Rebecca Ruth Developer Austin Doe CEO Lala Rose Manager Andrey Instructor Rebecca Designer Austin Manager Lala Director\" \/>\n<meta property=\"og:url\" content=\"https:\/\/kristee.hu\/index.php\/team\/\" \/>\n<meta property=\"og:site_name\" content=\"\u2022\u2022\u2022 K R I S T E E \u2022\u2022\u2022\" \/>\n<meta property=\"og:image\" content=\"https:\/\/codesign.wprdx.com\/demo\/wp-content\/uploads\/2021\/04\/pic1-2.jpg\" \/>\n<meta name=\"twitter:card\" content=\"summary_large_image\" \/>\n<script type=\"application\/ld+json\" class=\"yoast-schema-graph\">{\"@context\":\"https:\/\/schema.org\",\"@graph\":[{\"@type\":\"WebPage\",\"@id\":\"https:\/\/kristee.hu\/index.php\/team\/\",\"url\":\"https:\/\/kristee.hu\/index.php\/team\/\",\"name\":\"Team - \u2022\u2022\u2022 K R I S T E E \u2022\u2022\u2022\",\"isPartOf\":{\"@id\":\"https:\/\/kristee.hu\/#website\"},\"datePublished\":\"2021-04-05T10:22:38+00:00\",\"dateModified\":\"2021-04-05T10:22:38+00:00\",\"breadcrumb\":{\"@id\":\"https:\/\/kristee.hu\/index.php\/team\/#breadcrumb\"},\"inLanguage\":\"hu\",\"potentialAction\":[{\"@type\":\"ReadAction\",\"target\":[\"https:\/\/kristee.hu\/index.php\/team\/\"]}]},{\"@type\":\"BreadcrumbList\",\"@id\":\"https:\/\/kristee.hu\/index.php\/team\/#breadcrumb\",\"itemListElement\":[{\"@type\":\"ListItem\",\"position\":1,\"name\":\"Kezd\u0151lap\",\"item\":\"https:\/\/kristee.hu\/\"},{\"@type\":\"ListItem\",\"position\":2,\"name\":\"Team\"}]},{\"@type\":\"WebSite\",\"@id\":\"https:\/\/kristee.hu\/#website\",\"url\":\"https:\/\/kristee.hu\/\",\"name\":\"\u2022\u2022\u2022 K R I S T E E \u2022\u2022\u2022\",\"description\":\"Ingatlan- \u00e9s enteri\u0151rfot\u00f3\",\"publisher\":{\"@id\":\"https:\/\/kristee.hu\/#\/schema\/person\/e8089bb6f66868cae5836f787d2b3a07\"},\"potentialAction\":[{\"@type\":\"SearchAction\",\"target\":{\"@type\":\"EntryPoint\",\"urlTemplate\":\"https:\/\/kristee.hu\/?s={search_term_string}\"},\"query-input\":\"required name=search_term_string\"}],\"inLanguage\":\"hu\"},{\"@type\":[\"Person\",\"Organization\"],\"@id\":\"https:\/\/kristee.hu\/#\/schema\/person\/e8089bb6f66868cae5836f787d2b3a07\",\"name\":\"admin\",\"image\":{\"@type\":\"ImageObject\",\"inLanguage\":\"hu\",\"@id\":\"https:\/\/kristee.hu\/#\/schema\/person\/image\/\",\"url\":\"https:\/\/kristee.hu\/wp-content\/uploads\/2022\/11\/cropped-kristee_logo_icon-1-e1675344929172.png\",\"contentUrl\":\"https:\/\/kristee.hu\/wp-content\/uploads\/2022\/11\/cropped-kristee_logo_icon-1-e1675344929172.png\",\"width\":200,\"height\":200,\"caption\":\"admin\"},\"logo\":{\"@id\":\"https:\/\/kristee.hu\/#\/schema\/person\/image\/\"},\"sameAs\":[\"https:\/\/kristee.hu\",\"https:\/\/www.instagram.com\/vaczi.toth.kriszti\/?igshid=YmMyMTA2M2Y\"]}]}<\/script>\n<!-- \/ Yoast SEO Premium plugin. -->","yoast_head_json":{"title":"Team - \u2022\u2022\u2022 K R I S T E E \u2022\u2022\u2022","robots":{"index":"index","follow":"follow","max-snippet":"max-snippet:-1","max-image-preview":"max-image-preview:large","max-video-preview":"max-video-preview:-1"},"canonical":"https:\/\/kristee.hu\/index.php\/team\/","og_locale":"hu_HU","og_type":"article","og_title":"Team","og_description":"Andrey Carol Designer Rebecca Ruth Developer Austin Doe CEO Lala Rose Manager Andrey Instructor Rebecca Designer Austin Manager Lala Director","og_url":"https:\/\/kristee.hu\/index.php\/team\/","og_site_name":"\u2022\u2022\u2022 K R I S T E E \u2022\u2022\u2022","og_image":[{"url":"https:\/\/codesign.wprdx.com\/demo\/wp-content\/uploads\/2021\/04\/pic1-2.jpg"}],"twitter_card":"summary_large_image","schema":{"@context":"https:\/\/schema.org","@graph":[{"@type":"WebPage","@id":"https:\/\/kristee.hu\/index.php\/team\/","url":"https:\/\/kristee.hu\/index.php\/team\/","name":"Team - \u2022\u2022\u2022 K R I S T E E \u2022\u2022\u2022","isPartOf":{"@id":"https:\/\/kristee.hu\/#website"},"datePublished":"2021-04-05T10:22:38+00:00","dateModified":"2021-04-05T10:22:38+00:00","breadcrumb":{"@id":"https:\/\/kristee.hu\/index.php\/team\/#breadcrumb"},"inLanguage":"hu","potentialAction":[{"@type":"ReadAction","target":["https:\/\/kristee.hu\/index.php\/team\/"]}]},{"@type":"BreadcrumbList","@id":"https:\/\/kristee.hu\/index.php\/team\/#breadcrumb","itemListElement":[{"@type":"ListItem","position":1,"name":"Kezd\u0151lap","item":"https:\/\/kristee.hu\/"},{"@type":"ListItem","position":2,"name":"Team"}]},{"@type":"WebSite","@id":"https:\/\/kristee.hu\/#website","url":"https:\/\/kristee.hu\/","name":"\u2022\u2022\u2022 K R I S T E E \u2022\u2022\u2022","description":"Ingatlan- \u00e9s enteri\u0151rfot\u00f3","publisher":{"@id":"https:\/\/kristee.hu\/#\/schema\/person\/e8089bb6f66868cae5836f787d2b3a07"},"potentialAction":[{"@type":"SearchAction","target":{"@type":"EntryPoint","urlTemplate":"https:\/\/kristee.hu\/?s={search_term_string}"},"query-input":"required name=search_term_string"}],"inLanguage":"hu"},{"@type":["Person","Organization"],"@id":"https:\/\/kristee.hu\/#\/schema\/person\/e8089bb6f66868cae5836f787d2b3a07","name":"admin","image":{"@type":"ImageObject","inLanguage":"hu","@id":"https:\/\/kristee.hu\/#\/schema\/person\/image\/","url":"https:\/\/kristee.hu\/wp-content\/uploads\/2022\/11\/cropped-kristee_logo_icon-1-e1675344929172.png","contentUrl":"https:\/\/kristee.hu\/wp-content\/uploads\/2022\/11\/cropped-kristee_logo_icon-1-e1675344929172.png","width":200,"height":200,"caption":"admin"},"logo":{"@id":"https:\/\/kristee.hu\/#\/schema\/person\/image\/"},"sameAs":["https:\/\/kristee.hu","https:\/\/www.instagram.com\/vaczi.toth.kriszti\/?igshid=YmMyMTA2M2Y"]}]}},"_links":{"self":[{"href":"https:\/\/kristee.hu\/index.php\/wp-json\/wp\/v2\/pages\/18","targetHints":{"allow":["GET"]}}],"collection":[{"href":"https:\/\/kristee.hu\/index.php\/wp-json\/wp\/v2\/pages"}],"about":[{"href":"https:\/\/kristee.hu\/index.php\/wp-json\/wp\/v2\/types\/page"}],"author":[{"embeddable":true,"href":"https:\/\/kristee.hu\/index.php\/wp-json\/wp\/v2\/users\/1"}],"replies":[{"embeddable":true,"href":"https:\/\/kristee.hu\/index.php\/wp-json\/wp\/v2\/comments?post=18"}],"version-history":[{"count":0,"href":"https:\/\/kristee.hu\/index.php\/wp-json\/wp\/v2\/pages\/18\/revisions"}],"wp:attachment":[{"href":"https:\/\/kristee.hu\/index.php\/wp-json\/wp\/v2\/media?parent=18"}],"curies":[{"name":"wp","href":"https:\/\/api.w.org\/{rel}","templated":true}]}}