{"id":32,"date":"2021-04-05T10:27:27","date_gmt":"2021-04-05T10:27:27","guid":{"rendered":"https:\/\/codesign.wprdx.com\/demo\/?page_id=32"},"modified":"2023-02-02T13:29:22","modified_gmt":"2023-02-02T13:29:22","slug":"kapcsolat","status":"publish","type":"page","link":"https:\/\/kristee.hu\/index.php\/kapcsolat\/","title":{"rendered":"Kapcsolat"},"content":{"rendered":"\t\t<div data-elementor-type=\"wp-page\" data-elementor-id=\"32\" class=\"elementor elementor-32\">\n\t\t\t\t\t\t<section class=\"elementor-section elementor-top-section elementor-element elementor-element-2297fc4 elementor-section-full_width elementor-section-height-default elementor-section-height-default\" data-id=\"2297fc4\" data-element_type=\"section\">\n\t\t\t\t\t\t<div class=\"elementor-container elementor-column-gap-custom\">\n\t\t\t\t\t<div class=\"elementor-column elementor-col-100 elementor-top-column elementor-element elementor-element-5764714\" data-id=\"5764714\" data-element_type=\"column\">\n\t\t\t<div class=\"elementor-widget-wrap elementor-element-populated\">\n\t\t\t\t\t\t<div class=\"elementor-element elementor-element-2f619d5 elementor-widget elementor-widget-spacer\" data-id=\"2f619d5\" data-element_type=\"widget\" data-widget_type=\"spacer.default\">\n\t\t\t\t<div class=\"elementor-widget-container\">\n\t\t\t<style>\/*! elementor - v3.19.0 - 26-02-2024 *\/\n.elementor-column .elementor-spacer-inner{height:var(--spacer-size)}.e-con{--container-widget-width:100%}.e-con-inner>.elementor-widget-spacer,.e-con>.elementor-widget-spacer{width:var(--container-widget-width,var(--spacer-size));--align-self:var(--container-widget-align-self,initial);--flex-shrink:0}.e-con-inner>.elementor-widget-spacer>.elementor-widget-container,.e-con>.elementor-widget-spacer>.elementor-widget-container{height:100%;width:100%}.e-con-inner>.elementor-widget-spacer>.elementor-widget-container>.elementor-spacer,.e-con>.elementor-widget-spacer>.elementor-widget-container>.elementor-spacer{height:100%}.e-con-inner>.elementor-widget-spacer>.elementor-widget-container>.elementor-spacer>.elementor-spacer-inner,.e-con>.elementor-widget-spacer>.elementor-widget-container>.elementor-spacer>.elementor-spacer-inner{height:var(--container-widget-height,var(--spacer-size))}.e-con-inner>.elementor-widget-spacer.elementor-widget-empty,.e-con>.elementor-widget-spacer.elementor-widget-empty{position:relative;min-height:22px;min-width:22px}.e-con-inner>.elementor-widget-spacer.elementor-widget-empty .elementor-widget-empty-icon,.e-con>.elementor-widget-spacer.elementor-widget-empty .elementor-widget-empty-icon{position:absolute;top:0;bottom:0;left:0;right:0;margin:auto;padding:0;width:22px;height:22px}<\/style>\t\t<div class=\"elementor-spacer\">\n\t\t\t<div class=\"elementor-spacer-inner\"><\/div>\n\t\t<\/div>\n\t\t\t\t<\/div>\n\t\t\t\t<\/div>\n\t\t\t\t<div class=\"elementor-element elementor-element-66df0a2 elementor-invisible elementor-widget elementor-widget-dz-contact-form-1\" data-id=\"66df0a2\" data-element_type=\"widget\" data-settings=\"{&quot;_animation&quot;:&quot;slideInDown&quot;}\" data-widget_type=\"dz-contact-form-1.default\">\n\t\t\t\t<div class=\"elementor-widget-container\">\n\t\t\t<!-- Contact Form -->\r\n<section class=\"content-inner-2 line-img\">\r\n\t<div class=\"container\">\r\n\t\t<div class=\"row align-items-center\">\r\n\t\t\t\t\t\t\t<div class=\"section-head style-1 text-center\">\r\n\t\t\t\t\t<h2 class=\"title\">\r\n\t\t\t\t\t\tKAPCSOLAT\t\t\t\t\t<\/h2>\r\n\t\t\t\t\t\r\n\t\t\t\t\t<div class=\"dz-separator style-1 text-primary\"><\/div>\r\n\t\t\t\t\t\r\n\t\t\t\t\t\t\t\t\t\t\t<p>\r\n\t\t\t\t\t\t\tTOV\u00c1BBI INFORM\u00c1CI\u00d3\u00c9RT \u00c9S AJ\u00c1NLATK\u00c9R\u00c9S\u00c9RT KERESS AZ AL\u00c1BBI EL\u00c9RHET\u0150S\u00c9GEK VALAMELYIK\u00c9N!\t\t\t\t\t\t<\/p>\r\n\t\t\t\t\t\t\t\t\t<\/div>\r\n\t\t\t\t\t\t\r\n\t\t\t\t\t\t\t<div class=\"col-xl-6 col-lg-6 m-md-b50\">\r\n\t\t\t\t\t\n<div class=\"wpcf7 no-js\" id=\"wpcf7-f1074-o1\" lang=\"en-US\" dir=\"ltr\">\n<div class=\"screen-reader-response\"><p role=\"status\" aria-live=\"polite\" aria-atomic=\"true\"><\/p> <ul><\/ul><\/div>\n<form action=\"\/index.php\/wp-json\/wp\/v2\/pages\/32#wpcf7-f1074-o1\" method=\"post\" class=\"wpcf7-form init\" aria-label=\"Contact form\" novalidate=\"novalidate\" data-status=\"init\">\n<div style=\"display: none;\">\n<input type=\"hidden\" name=\"_wpcf7\" value=\"1074\" \/>\n<input type=\"hidden\" name=\"_wpcf7_version\" value=\"5.8.7\" \/>\n<input type=\"hidden\" name=\"_wpcf7_locale\" value=\"en_US\" \/>\n<input type=\"hidden\" name=\"_wpcf7_unit_tag\" value=\"wpcf7-f1074-o1\" \/>\n<input type=\"hidden\" name=\"_wpcf7_container_post\" value=\"0\" \/>\n<input type=\"hidden\" name=\"_wpcf7_posted_data_hash\" value=\"\" \/>\n<\/div>\n<div class=\"row sp10\">\n<div class=\"col-sm-6 m-b20\">\n<div class=\"input-group\">\n<span class=\"wpcf7-form-control-wrap\" data-name=\"dzName\"><input size=\"40\" class=\"wpcf7-form-control wpcf7-text form-control\" aria-invalid=\"false\" placeholder=\"N\u00e9v\" value=\"\" type=\"text\" name=\"dzName\" \/><\/span>\n<\/div>\n<\/div>\n<div class=\"col-sm-6 m-b20\">\n<div class=\"input-group\">\n<span class=\"wpcf7-form-control-wrap\" data-name=\"dzEmail\"><input size=\"40\" class=\"wpcf7-form-control wpcf7-email wpcf7-text wpcf7-validates-as-email form-control\" aria-invalid=\"false\" placeholder=\"E-mail\" value=\"\" type=\"email\" name=\"dzEmail\" \/><\/span>\n<\/div>\n<\/div>\n<div class=\"col-sm-12 m-b20\">\n<span class=\"wpcf7-form-control-wrap\" data-name=\"dzSubject\"><input size=\"40\" class=\"wpcf7-form-control wpcf7-text form-control\" aria-invalid=\"false\" placeholder=\"T\u00e1rgy\" value=\"\" type=\"text\" name=\"dzSubject\" \/><\/span>\n<\/div>\n<div class=\"col-sm-12 m-b20\">\n<span class=\"wpcf7-form-control-wrap\" data-name=\"dzMessage\"><textarea cols=\"40\" rows=\"10\" class=\"wpcf7-form-control wpcf7-textarea form-control\" aria-invalid=\"false\" placeholder=\"\u00dczenet\" name=\"dzMessage\"><\/textarea><\/span>\n<\/div>\n<div class=\"col-sm-12\">\n<input class=\"wpcf7-form-control wpcf7-submit has-spinner btn btn-primary\" type=\"submit\" value=\"K\u00dcLD\u00c9S\" \/>\n<\/div>\n<\/div><p style=\"display: none !important;\" class=\"akismet-fields-container\" data-prefix=\"_wpcf7_ak_\"><label>&#916;<textarea name=\"_wpcf7_ak_hp_textarea\" cols=\"45\" rows=\"8\" maxlength=\"100\"><\/textarea><\/label><input type=\"hidden\" id=\"ak_js_1\" name=\"_wpcf7_ak_js\" value=\"164\"\/><script>document.getElementById( \"ak_js_1\" ).setAttribute( \"value\", ( new Date() ).getTime() );<\/script><\/p><div class=\"wpcf7-response-output\" aria-hidden=\"true\"><\/div>\n<\/form>\n<\/div>\n\t\t\t\t<\/div>\r\n\t\t\t\t\t\t\r\n\t\t\t<div class=\"col-xl-6 col-lg-6\">\r\n\t\t\t\t<div class=\"row\">\r\n\t\t\t\t\t\r\n\t\t\t\t\t\t\t\t\t\t\t<div class=\"col-lg-12 m-b30\">\r\n\t\t\t\t\t\t\t<div class=\"icon-bx-wraper style-8 bg-white\">\r\n\t\t\t\t\t\t\t\t\t\t\t\t\t\t\t\t\t<div class=\"icon-md m-r20\">\r\n\t\t\t\t\t\t\t\t\t\t<span class=\"icon-cell text-primary\">\r\n\t\t\t\t\t\t\t\t\t\t\t<i class=\"flaticon flaticon-phone-call\"><\/i>\r\n\t\t\t\t\t\t\t\t\t\t<\/span> \r\n\t\t\t\t\t\t\t\t\t<\/div>\r\n\t\t\t\t\t\t\t\t\t\t\t\t\t\t\t\t\r\n\t\t\t\t\t\t\t\t<div class=\"icon-content\">\r\n\t\t\t\t\t\t\t\t\t\t\t\t\t\t\t\t\t\t\t\r\n\t\t\t\t\t\t\t\t\t\t\t\t\t\t\t\t\t\t\t<p class=\"m-b0\">\r\n\t\t\t\t\t\t\t\t\t\t\t<a href=\"tel:+3630 849 4456\">+3630 849 4456<\/a>\n\n\t\t\t\t\t\t\t\t\t\t<\/p>\r\n\t\t\t\t\t\t\t\t\t\t\t\t\t\t\t\t\t<\/div>\r\n\t\t\t\t\t\t\t<\/div>\r\n\t\t\t\t\t\t<\/div>\r\n\t\t\t\t\t\t\t\t\t\t\t<div class=\"col-lg-12 m-b30\">\r\n\t\t\t\t\t\t\t<div class=\"icon-bx-wraper style-8 bg-white\">\r\n\t\t\t\t\t\t\t\t\t\t\t\t\t\t\t\t\t<div class=\"icon-md m-r20\">\r\n\t\t\t\t\t\t\t\t\t\t<span class=\"icon-cell text-primary\">\r\n\t\t\t\t\t\t\t\t\t\t\t<i class=\"flaticon flaticon-email\"><\/i>\r\n\t\t\t\t\t\t\t\t\t\t<\/span> \r\n\t\t\t\t\t\t\t\t\t<\/div>\r\n\t\t\t\t\t\t\t\t\t\t\t\t\t\t\t\t\r\n\t\t\t\t\t\t\t\t<div class=\"icon-content\">\r\n\t\t\t\t\t\t\t\t\t\t\t\t\t\t\t\t\t\t\t\r\n\t\t\t\t\t\t\t\t\t\t\t\t\t\t\t\t\t\t\t<p class=\"m-b0\">\r\n\t\t\t\t\t\t\t\t\t\t\t<a href=\"mailto:hello@kristee.hu\">hello@kristee.hu<\/a>\t\t\t\t\t\t\t\t\t\t<\/p>\r\n\t\t\t\t\t\t\t\t\t\t\t\t\t\t\t\t\t<\/div>\r\n\t\t\t\t\t\t\t<\/div>\r\n\t\t\t\t\t\t<\/div>\r\n\t\t\t\t\t\t\t\t\t<\/div>\r\n\t\t\t<\/div>\r\n\t\t<\/div>\r\n\t<\/div>\r\n<\/section>\r\n\r\n\t\t\t<\/div>\n\t\t\t\t<\/div>\n\t\t\t\t\t<\/div>\n\t\t<\/div>\n\t\t\t\t\t<\/div>\n\t\t<\/section>\n\t\t\t\t<section class=\"elementor-section elementor-top-section elementor-element elementor-element-d528d09 elementor-section-boxed elementor-section-height-default elementor-section-height-default\" data-id=\"d528d09\" data-element_type=\"section\">\n\t\t\t\t\t\t<div class=\"elementor-container elementor-column-gap-default\">\n\t\t\t\t\t<div class=\"elementor-column elementor-col-100 elementor-top-column elementor-element elementor-element-31cc62e\" data-id=\"31cc62e\" data-element_type=\"column\">\n\t\t\t<div class=\"elementor-widget-wrap elementor-element-populated\">\n\t\t\t\t\t\t<div class=\"elementor-element elementor-element-cd2dff3 elementor-widget elementor-widget-spacer\" data-id=\"cd2dff3\" data-element_type=\"widget\" data-widget_type=\"spacer.default\">\n\t\t\t\t<div class=\"elementor-widget-container\">\n\t\t\t\t\t<div class=\"elementor-spacer\">\n\t\t\t<div class=\"elementor-spacer-inner\"><\/div>\n\t\t<\/div>\n\t\t\t\t<\/div>\n\t\t\t\t<\/div>\n\t\t\t\t\t<\/div>\n\t\t<\/div>\n\t\t\t\t\t<\/div>\n\t\t<\/section>\n\t\t\t\t<section class=\"elementor-section elementor-top-section elementor-element elementor-element-67a7257 elementor-section-boxed elementor-section-height-default elementor-section-height-default\" data-id=\"67a7257\" data-element_type=\"section\">\n\t\t\t\t\t\t<div class=\"elementor-container elementor-column-gap-default\">\n\t\t\t\t\t<div class=\"elementor-column elementor-col-100 elementor-top-column elementor-element elementor-element-b3fc66d\" data-id=\"b3fc66d\" data-element_type=\"column\">\n\t\t\t<div class=\"elementor-widget-wrap elementor-element-populated\">\n\t\t\t\t\t\t<div class=\"elementor-element elementor-element-471efe4 elementor-widget elementor-widget-spacer\" data-id=\"471efe4\" data-element_type=\"widget\" data-widget_type=\"spacer.default\">\n\t\t\t\t<div class=\"elementor-widget-container\">\n\t\t\t\t\t<div class=\"elementor-spacer\">\n\t\t\t<div class=\"elementor-spacer-inner\"><\/div>\n\t\t<\/div>\n\t\t\t\t<\/div>\n\t\t\t\t<\/div>\n\t\t\t\t<div class=\"elementor-element elementor-element-c5859b5 elementor-align-center elementor-invisible elementor-widget elementor-widget-button\" data-id=\"c5859b5\" data-element_type=\"widget\" data-settings=\"{&quot;_animation&quot;:&quot;zoomIn&quot;}\" data-widget_type=\"button.default\">\n\t\t\t\t<div class=\"elementor-widget-container\">\n\t\t\t\t\t<div class=\"elementor-button-wrapper\">\n\t\t\t<a class=\"elementor-button elementor-button-link elementor-size-md\" href=\"http:\/\/www.kristee.hu\">\n\t\t\t\t\t\t<span class=\"elementor-button-content-wrapper\">\n\t\t\t\t\t\t<span class=\"elementor-button-icon elementor-align-icon-right\">\n\t\t\t\t<i aria-hidden=\"true\" class=\"la  la-angle-right\"><\/i>\t\t\t<\/span>\n\t\t\t\t\t\t<span class=\"elementor-button-text\">VISSZA A KEZD\u0150LAPRA<\/span>\n\t\t<\/span>\n\t\t\t\t\t<\/a>\n\t\t<\/div>\n\t\t\t\t<\/div>\n\t\t\t\t<\/div>\n\t\t\t\t<div class=\"elementor-element elementor-element-24fbac0 elementor-widget elementor-widget-spacer\" data-id=\"24fbac0\" data-element_type=\"widget\" data-widget_type=\"spacer.default\">\n\t\t\t\t<div class=\"elementor-widget-container\">\n\t\t\t\t\t<div class=\"elementor-spacer\">\n\t\t\t<div class=\"elementor-spacer-inner\"><\/div>\n\t\t<\/div>\n\t\t\t\t<\/div>\n\t\t\t\t<\/div>\n\t\t\t\t\t<\/div>\n\t\t<\/div>\n\t\t\t\t\t<\/div>\n\t\t<\/section>\n\t\t\t\t<\/div>\n\t\t","protected":false},"excerpt":{"rendered":"<p>KAPCSOLAT TOV\u00c1BBI INFORM\u00c1CI\u00d3\u00c9RT \u00c9S AJ\u00c1NLATK\u00c9R\u00c9S\u00c9RT KERESS AZ AL\u00c1BBI EL\u00c9RHET\u0150S\u00c9GEK VALAMELYIK\u00c9N! &#916; +3630 849 4456 hello@kristee.hu VISSZA A KEZD\u0150LAPRA<\/p>\n","protected":false},"author":1,"featured_media":0,"parent":0,"menu_order":0,"comment_status":"closed","ping_status":"closed","template":"codesign_homepage.php","meta":{"footnotes":""},"class_list":["post-32","page","type-page","status-publish","hentry"],"yoast_head":"<!-- This site is optimized with the Yoast SEO Premium plugin v22.1 (Yoast SEO v22.1) - https:\/\/yoast.com\/wordpress\/plugins\/seo\/ -->\n<title>Kapcsolat - \u2022\u2022\u2022 K R I S T E E \u2022\u2022\u2022<\/title>\n<meta name=\"robots\" content=\"index, follow, max-snippet:-1, max-image-preview:large, max-video-preview:-1\" \/>\n<link rel=\"canonical\" href=\"https:\/\/kristee.hu\/index.php\/kapcsolat\/\" \/>\n<meta property=\"og:locale\" content=\"hu_HU\" \/>\n<meta property=\"og:type\" content=\"article\" \/>\n<meta property=\"og:title\" content=\"Kapcsolat\" \/>\n<meta property=\"og:description\" content=\"KAPCSOLAT TOV\u00c1BBI INFORM\u00c1CI\u00d3\u00c9RT \u00c9S AJ\u00c1NLATK\u00c9R\u00c9S\u00c9RT KERESS AZ AL\u00c1BBI EL\u00c9RHET\u0150S\u00c9GEK VALAMELYIK\u00c9N! &#916; +3630 849 4456 hello@kristee.hu VISSZA A KEZD\u0150LAPRA\" \/>\n<meta property=\"og:url\" content=\"https:\/\/kristee.hu\/index.php\/kapcsolat\/\" \/>\n<meta property=\"og:site_name\" content=\"\u2022\u2022\u2022 K R I S T E E \u2022\u2022\u2022\" \/>\n<meta property=\"article:modified_time\" content=\"2023-02-02T13:29:22+00:00\" \/>\n<meta name=\"twitter:card\" content=\"summary_large_image\" \/>\n<script type=\"application\/ld+json\" class=\"yoast-schema-graph\">{\"@context\":\"https:\/\/schema.org\",\"@graph\":[{\"@type\":\"WebPage\",\"@id\":\"https:\/\/kristee.hu\/index.php\/kapcsolat\/\",\"url\":\"https:\/\/kristee.hu\/index.php\/kapcsolat\/\",\"name\":\"Kapcsolat - \u2022\u2022\u2022 K R I S T E E \u2022\u2022\u2022\",\"isPartOf\":{\"@id\":\"https:\/\/kristee.hu\/#website\"},\"datePublished\":\"2021-04-05T10:27:27+00:00\",\"dateModified\":\"2023-02-02T13:29:22+00:00\",\"breadcrumb\":{\"@id\":\"https:\/\/kristee.hu\/index.php\/kapcsolat\/#breadcrumb\"},\"inLanguage\":\"hu\",\"potentialAction\":[{\"@type\":\"ReadAction\",\"target\":[\"https:\/\/kristee.hu\/index.php\/kapcsolat\/\"]}]},{\"@type\":\"BreadcrumbList\",\"@id\":\"https:\/\/kristee.hu\/index.php\/kapcsolat\/#breadcrumb\",\"itemListElement\":[{\"@type\":\"ListItem\",\"position\":1,\"name\":\"Kezd\u0151lap\",\"item\":\"https:\/\/kristee.hu\/\"},{\"@type\":\"ListItem\",\"position\":2,\"name\":\"Kapcsolat\"}]},{\"@type\":\"WebSite\",\"@id\":\"https:\/\/kristee.hu\/#website\",\"url\":\"https:\/\/kristee.hu\/\",\"name\":\"\u2022\u2022\u2022 K R I S T E E \u2022\u2022\u2022\",\"description\":\"Ingatlan- \u00e9s enteri\u0151rfot\u00f3\",\"publisher\":{\"@id\":\"https:\/\/kristee.hu\/#\/schema\/person\/e8089bb6f66868cae5836f787d2b3a07\"},\"potentialAction\":[{\"@type\":\"SearchAction\",\"target\":{\"@type\":\"EntryPoint\",\"urlTemplate\":\"https:\/\/kristee.hu\/?s={search_term_string}\"},\"query-input\":\"required name=search_term_string\"}],\"inLanguage\":\"hu\"},{\"@type\":[\"Person\",\"Organization\"],\"@id\":\"https:\/\/kristee.hu\/#\/schema\/person\/e8089bb6f66868cae5836f787d2b3a07\",\"name\":\"admin\",\"image\":{\"@type\":\"ImageObject\",\"inLanguage\":\"hu\",\"@id\":\"https:\/\/kristee.hu\/#\/schema\/person\/image\/\",\"url\":\"https:\/\/kristee.hu\/wp-content\/uploads\/2022\/11\/cropped-kristee_logo_icon-1-e1675344929172.png\",\"contentUrl\":\"https:\/\/kristee.hu\/wp-content\/uploads\/2022\/11\/cropped-kristee_logo_icon-1-e1675344929172.png\",\"width\":200,\"height\":200,\"caption\":\"admin\"},\"logo\":{\"@id\":\"https:\/\/kristee.hu\/#\/schema\/person\/image\/\"},\"sameAs\":[\"https:\/\/kristee.hu\",\"https:\/\/www.instagram.com\/vaczi.toth.kriszti\/?igshid=YmMyMTA2M2Y\"]}]}<\/script>\n<!-- \/ Yoast SEO Premium plugin. -->","yoast_head_json":{"title":"Kapcsolat - \u2022\u2022\u2022 K R I S T E E \u2022\u2022\u2022","robots":{"index":"index","follow":"follow","max-snippet":"max-snippet:-1","max-image-preview":"max-image-preview:large","max-video-preview":"max-video-preview:-1"},"canonical":"https:\/\/kristee.hu\/index.php\/kapcsolat\/","og_locale":"hu_HU","og_type":"article","og_title":"Kapcsolat","og_description":"KAPCSOLAT TOV\u00c1BBI INFORM\u00c1CI\u00d3\u00c9RT \u00c9S AJ\u00c1NLATK\u00c9R\u00c9S\u00c9RT KERESS AZ AL\u00c1BBI EL\u00c9RHET\u0150S\u00c9GEK VALAMELYIK\u00c9N! &#916; +3630 849 4456 hello@kristee.hu VISSZA A KEZD\u0150LAPRA","og_url":"https:\/\/kristee.hu\/index.php\/kapcsolat\/","og_site_name":"\u2022\u2022\u2022 K R I S T E E \u2022\u2022\u2022","article_modified_time":"2023-02-02T13:29:22+00:00","twitter_card":"summary_large_image","schema":{"@context":"https:\/\/schema.org","@graph":[{"@type":"WebPage","@id":"https:\/\/kristee.hu\/index.php\/kapcsolat\/","url":"https:\/\/kristee.hu\/index.php\/kapcsolat\/","name":"Kapcsolat - \u2022\u2022\u2022 K R I S T E E \u2022\u2022\u2022","isPartOf":{"@id":"https:\/\/kristee.hu\/#website"},"datePublished":"2021-04-05T10:27:27+00:00","dateModified":"2023-02-02T13:29:22+00:00","breadcrumb":{"@id":"https:\/\/kristee.hu\/index.php\/kapcsolat\/#breadcrumb"},"inLanguage":"hu","potentialAction":[{"@type":"ReadAction","target":["https:\/\/kristee.hu\/index.php\/kapcsolat\/"]}]},{"@type":"BreadcrumbList","@id":"https:\/\/kristee.hu\/index.php\/kapcsolat\/#breadcrumb","itemListElement":[{"@type":"ListItem","position":1,"name":"Kezd\u0151lap","item":"https:\/\/kristee.hu\/"},{"@type":"ListItem","position":2,"name":"Kapcsolat"}]},{"@type":"WebSite","@id":"https:\/\/kristee.hu\/#website","url":"https:\/\/kristee.hu\/","name":"\u2022\u2022\u2022 K R I S T E E \u2022\u2022\u2022","description":"Ingatlan- \u00e9s enteri\u0151rfot\u00f3","publisher":{"@id":"https:\/\/kristee.hu\/#\/schema\/person\/e8089bb6f66868cae5836f787d2b3a07"},"potentialAction":[{"@type":"SearchAction","target":{"@type":"EntryPoint","urlTemplate":"https:\/\/kristee.hu\/?s={search_term_string}"},"query-input":"required name=search_term_string"}],"inLanguage":"hu"},{"@type":["Person","Organization"],"@id":"https:\/\/kristee.hu\/#\/schema\/person\/e8089bb6f66868cae5836f787d2b3a07","name":"admin","image":{"@type":"ImageObject","inLanguage":"hu","@id":"https:\/\/kristee.hu\/#\/schema\/person\/image\/","url":"https:\/\/kristee.hu\/wp-content\/uploads\/2022\/11\/cropped-kristee_logo_icon-1-e1675344929172.png","contentUrl":"https:\/\/kristee.hu\/wp-content\/uploads\/2022\/11\/cropped-kristee_logo_icon-1-e1675344929172.png","width":200,"height":200,"caption":"admin"},"logo":{"@id":"https:\/\/kristee.hu\/#\/schema\/person\/image\/"},"sameAs":["https:\/\/kristee.hu","https:\/\/www.instagram.com\/vaczi.toth.kriszti\/?igshid=YmMyMTA2M2Y"]}]}},"_links":{"self":[{"href":"https:\/\/kristee.hu\/index.php\/wp-json\/wp\/v2\/pages\/32","targetHints":{"allow":["GET"]}}],"collection":[{"href":"https:\/\/kristee.hu\/index.php\/wp-json\/wp\/v2\/pages"}],"about":[{"href":"https:\/\/kristee.hu\/index.php\/wp-json\/wp\/v2\/types\/page"}],"author":[{"embeddable":true,"href":"https:\/\/kristee.hu\/index.php\/wp-json\/wp\/v2\/users\/1"}],"replies":[{"embeddable":true,"href":"https:\/\/kristee.hu\/index.php\/wp-json\/wp\/v2\/comments?post=32"}],"version-history":[{"count":32,"href":"https:\/\/kristee.hu\/index.php\/wp-json\/wp\/v2\/pages\/32\/revisions"}],"predecessor-version":[{"id":2326,"href":"https:\/\/kristee.hu\/index.php\/wp-json\/wp\/v2\/pages\/32\/revisions\/2326"}],"wp:attachment":[{"href":"https:\/\/kristee.hu\/index.php\/wp-json\/wp\/v2\/media?parent=32"}],"curies":[{"name":"wp","href":"https:\/\/api.w.org\/{rel}","templated":true}]}}