{"id":974,"date":"2021-04-20T06:46:36","date_gmt":"2021-04-20T06:46:36","guid":{"rendered":"https:\/\/codesign.wprdx.com\/demo\/wishlist\/"},"modified":"2021-04-20T06:46:36","modified_gmt":"2021-04-20T06:46:36","slug":"wishlist","status":"publish","type":"page","link":"https:\/\/kristee.hu\/index.php\/wishlist\/","title":{"rendered":"Wishlist"},"content":{"rendered":"<p>[yith_wcwl_wishlist]<\/p>\n","protected":false},"excerpt":{"rendered":"","protected":false},"author":1,"featured_media":0,"parent":0,"menu_order":0,"comment_status":"closed","ping_status":"closed","template":"","meta":{"footnotes":""},"class_list":["post-974","page","type-page","status-publish","hentry"],"yoast_head":"<!-- This site is optimized with the Yoast SEO Premium plugin v22.1 (Yoast SEO v22.1) - https:\/\/yoast.com\/wordpress\/plugins\/seo\/ -->\n<title>Wishlist - \u2022\u2022\u2022 K R I S T E E \u2022\u2022\u2022<\/title>\n<meta name=\"robots\" content=\"index, follow, max-snippet:-1, max-image-preview:large, max-video-preview:-1\" \/>\n<link rel=\"canonical\" href=\"https:\/\/kristee.hu\/index.php\/wishlist\/\" \/>\n<meta property=\"og:locale\" content=\"hu_HU\" \/>\n<meta property=\"og:type\" content=\"article\" \/>\n<meta property=\"og:title\" content=\"Wishlist\" \/>\n<meta property=\"og:url\" content=\"https:\/\/kristee.hu\/index.php\/wishlist\/\" \/>\n<meta property=\"og:site_name\" content=\"\u2022\u2022\u2022 K R I S T E E \u2022\u2022\u2022\" \/>\n<meta name=\"twitter:card\" content=\"summary_large_image\" \/>\n<script type=\"application\/ld+json\" class=\"yoast-schema-graph\">{\"@context\":\"https:\/\/schema.org\",\"@graph\":[{\"@type\":\"WebPage\",\"@id\":\"https:\/\/kristee.hu\/index.php\/wishlist\/\",\"url\":\"https:\/\/kristee.hu\/index.php\/wishlist\/\",\"name\":\"Wishlist - \u2022\u2022\u2022 K R I S T E E \u2022\u2022\u2022\",\"isPartOf\":{\"@id\":\"https:\/\/kristee.hu\/#website\"},\"datePublished\":\"2021-04-20T06:46:36+00:00\",\"dateModified\":\"2021-04-20T06:46:36+00:00\",\"breadcrumb\":{\"@id\":\"https:\/\/kristee.hu\/index.php\/wishlist\/#breadcrumb\"},\"inLanguage\":\"hu\",\"potentialAction\":[{\"@type\":\"ReadAction\",\"target\":[\"https:\/\/kristee.hu\/index.php\/wishlist\/\"]}]},{\"@type\":\"BreadcrumbList\",\"@id\":\"https:\/\/kristee.hu\/index.php\/wishlist\/#breadcrumb\",\"itemListElement\":[{\"@type\":\"ListItem\",\"position\":1,\"name\":\"Kezd\u0151lap\",\"item\":\"https:\/\/kristee.hu\/\"},{\"@type\":\"ListItem\",\"position\":2,\"name\":\"Wishlist\"}]},{\"@type\":\"WebSite\",\"@id\":\"https:\/\/kristee.hu\/#website\",\"url\":\"https:\/\/kristee.hu\/\",\"name\":\"\u2022\u2022\u2022 K R I S T E E \u2022\u2022\u2022\",\"description\":\"Ingatlan- \u00e9s enteri\u0151rfot\u00f3\",\"publisher\":{\"@id\":\"https:\/\/kristee.hu\/#\/schema\/person\/e8089bb6f66868cae5836f787d2b3a07\"},\"potentialAction\":[{\"@type\":\"SearchAction\",\"target\":{\"@type\":\"EntryPoint\",\"urlTemplate\":\"https:\/\/kristee.hu\/?s={search_term_string}\"},\"query-input\":\"required name=search_term_string\"}],\"inLanguage\":\"hu\"},{\"@type\":[\"Person\",\"Organization\"],\"@id\":\"https:\/\/kristee.hu\/#\/schema\/person\/e8089bb6f66868cae5836f787d2b3a07\",\"name\":\"admin\",\"image\":{\"@type\":\"ImageObject\",\"inLanguage\":\"hu\",\"@id\":\"https:\/\/kristee.hu\/#\/schema\/person\/image\/\",\"url\":\"https:\/\/kristee.hu\/wp-content\/uploads\/2022\/11\/cropped-kristee_logo_icon-1-e1675344929172.png\",\"contentUrl\":\"https:\/\/kristee.hu\/wp-content\/uploads\/2022\/11\/cropped-kristee_logo_icon-1-e1675344929172.png\",\"width\":200,\"height\":200,\"caption\":\"admin\"},\"logo\":{\"@id\":\"https:\/\/kristee.hu\/#\/schema\/person\/image\/\"},\"sameAs\":[\"https:\/\/kristee.hu\",\"https:\/\/www.instagram.com\/vaczi.toth.kriszti\/?igshid=YmMyMTA2M2Y\"]}]}<\/script>\n<!-- \/ Yoast SEO Premium plugin. -->","yoast_head_json":{"title":"Wishlist - \u2022\u2022\u2022 K R I S T E E \u2022\u2022\u2022","robots":{"index":"index","follow":"follow","max-snippet":"max-snippet:-1","max-image-preview":"max-image-preview:large","max-video-preview":"max-video-preview:-1"},"canonical":"https:\/\/kristee.hu\/index.php\/wishlist\/","og_locale":"hu_HU","og_type":"article","og_title":"Wishlist","og_url":"https:\/\/kristee.hu\/index.php\/wishlist\/","og_site_name":"\u2022\u2022\u2022 K R I S T E E \u2022\u2022\u2022","twitter_card":"summary_large_image","schema":{"@context":"https:\/\/schema.org","@graph":[{"@type":"WebPage","@id":"https:\/\/kristee.hu\/index.php\/wishlist\/","url":"https:\/\/kristee.hu\/index.php\/wishlist\/","name":"Wishlist - \u2022\u2022\u2022 K R I S T E E \u2022\u2022\u2022","isPartOf":{"@id":"https:\/\/kristee.hu\/#website"},"datePublished":"2021-04-20T06:46:36+00:00","dateModified":"2021-04-20T06:46:36+00:00","breadcrumb":{"@id":"https:\/\/kristee.hu\/index.php\/wishlist\/#breadcrumb"},"inLanguage":"hu","potentialAction":[{"@type":"ReadAction","target":["https:\/\/kristee.hu\/index.php\/wishlist\/"]}]},{"@type":"BreadcrumbList","@id":"https:\/\/kristee.hu\/index.php\/wishlist\/#breadcrumb","itemListElement":[{"@type":"ListItem","position":1,"name":"Kezd\u0151lap","item":"https:\/\/kristee.hu\/"},{"@type":"ListItem","position":2,"name":"Wishlist"}]},{"@type":"WebSite","@id":"https:\/\/kristee.hu\/#website","url":"https:\/\/kristee.hu\/","name":"\u2022\u2022\u2022 K R I S T E E \u2022\u2022\u2022","description":"Ingatlan- \u00e9s enteri\u0151rfot\u00f3","publisher":{"@id":"https:\/\/kristee.hu\/#\/schema\/person\/e8089bb6f66868cae5836f787d2b3a07"},"potentialAction":[{"@type":"SearchAction","target":{"@type":"EntryPoint","urlTemplate":"https:\/\/kristee.hu\/?s={search_term_string}"},"query-input":"required name=search_term_string"}],"inLanguage":"hu"},{"@type":["Person","Organization"],"@id":"https:\/\/kristee.hu\/#\/schema\/person\/e8089bb6f66868cae5836f787d2b3a07","name":"admin","image":{"@type":"ImageObject","inLanguage":"hu","@id":"https:\/\/kristee.hu\/#\/schema\/person\/image\/","url":"https:\/\/kristee.hu\/wp-content\/uploads\/2022\/11\/cropped-kristee_logo_icon-1-e1675344929172.png","contentUrl":"https:\/\/kristee.hu\/wp-content\/uploads\/2022\/11\/cropped-kristee_logo_icon-1-e1675344929172.png","width":200,"height":200,"caption":"admin"},"logo":{"@id":"https:\/\/kristee.hu\/#\/schema\/person\/image\/"},"sameAs":["https:\/\/kristee.hu","https:\/\/www.instagram.com\/vaczi.toth.kriszti\/?igshid=YmMyMTA2M2Y"]}]}},"_links":{"self":[{"href":"https:\/\/kristee.hu\/index.php\/wp-json\/wp\/v2\/pages\/974","targetHints":{"allow":["GET"]}}],"collection":[{"href":"https:\/\/kristee.hu\/index.php\/wp-json\/wp\/v2\/pages"}],"about":[{"href":"https:\/\/kristee.hu\/index.php\/wp-json\/wp\/v2\/types\/page"}],"author":[{"embeddable":true,"href":"https:\/\/kristee.hu\/index.php\/wp-json\/wp\/v2\/users\/1"}],"replies":[{"embeddable":true,"href":"https:\/\/kristee.hu\/index.php\/wp-json\/wp\/v2\/comments?post=974"}],"version-history":[{"count":0,"href":"https:\/\/kristee.hu\/index.php\/wp-json\/wp\/v2\/pages\/974\/revisions"}],"wp:attachment":[{"href":"https:\/\/kristee.hu\/index.php\/wp-json\/wp\/v2\/media?parent=974"}],"curies":[{"name":"wp","href":"https:\/\/api.w.org\/{rel}","templated":true}]}}